{"id":43,"date":"2023-08-24T14:36:59","date_gmt":"2023-08-24T12:36:59","guid":{"rendered":"https:\/\/www2.altos.cz\/?page_id=43"},"modified":"2023-09-04T10:09:37","modified_gmt":"2023-09-04T08:09:37","slug":"sluzby-2","status":"publish","type":"page","link":"https:\/\/www.altos.cz\/?page_id=43","title":{"rendered":"Slu\u017eby"},"content":{"rendered":"\t\t<div data-elementor-type=\"wp-page\" data-elementor-id=\"43\" class=\"elementor elementor-43\">\n\t\t\t\t\t\t<section class=\"elementor-section elementor-top-section elementor-element elementor-element-47eace0 elementor-section-boxed elementor-section-height-default elementor-section-height-default\" data-id=\"47eace0\" data-element_type=\"section\" data-e-type=\"section\">\n\t\t\t\t\t\t<div class=\"elementor-container elementor-column-gap-default\">\n\t\t\t\t\t<div class=\"elementor-column elementor-col-100 elementor-top-column elementor-element elementor-element-636616d\" data-id=\"636616d\" data-element_type=\"column\" data-e-type=\"column\">\n\t\t\t<div class=\"elementor-widget-wrap elementor-element-populated\">\n\t\t\t\t\t\t<div class=\"elementor-element elementor-element-46451d8 elementor-widget elementor-widget-spacer\" data-id=\"46451d8\" data-element_type=\"widget\" data-e-type=\"widget\" data-widget_type=\"spacer.default\">\n\t\t\t\t<div class=\"elementor-widget-container\">\n\t\t\t\t\t\t\t<div class=\"elementor-spacer\">\n\t\t\t<div class=\"elementor-spacer-inner\"><\/div>\n\t\t<\/div>\n\t\t\t\t\t\t<\/div>\n\t\t\t\t<\/div>\n\t\t\t\t\t<\/div>\n\t\t<\/div>\n\t\t\t\t\t<\/div>\n\t\t<\/section>\n\t\t\t\t<section class=\"elementor-section elementor-top-section elementor-element elementor-element-824e317 elementor-section-boxed elementor-section-height-default elementor-section-height-default\" data-id=\"824e317\" data-element_type=\"section\" data-e-type=\"section\" data-settings=\"{&quot;background_background&quot;:&quot;classic&quot;}\">\n\t\t\t\t\t\t<div class=\"elementor-container elementor-column-gap-default\">\n\t\t\t\t\t<div class=\"elementor-column elementor-col-33 elementor-top-column elementor-element elementor-element-31f02de\" data-id=\"31f02de\" data-element_type=\"column\" data-e-type=\"column\">\n\t\t\t<div class=\"elementor-widget-wrap elementor-element-populated\">\n\t\t\t\t\t\t<div class=\"elementor-element elementor-element-068643f elementor-widget elementor-widget-heading\" data-id=\"068643f\" data-element_type=\"widget\" data-e-type=\"widget\" data-widget_type=\"heading.default\">\n\t\t\t\t<div class=\"elementor-widget-container\">\n\t\t\t\t\t<h4 class=\"elementor-heading-title elementor-size-default\">Slu\u017eby<\/h4>\t\t\t\t<\/div>\n\t\t\t\t<\/div>\n\t\t\t\t\t<\/div>\n\t\t<\/div>\n\t\t\t\t<div class=\"elementor-column elementor-col-33 elementor-top-column elementor-element elementor-element-0be3b23\" data-id=\"0be3b23\" data-element_type=\"column\" data-e-type=\"column\">\n\t\t\t<div class=\"elementor-widget-wrap elementor-element-populated\">\n\t\t\t\t\t\t<div class=\"elementor-element elementor-element-98dd625 elementor-widget elementor-widget-heading\" data-id=\"98dd625\" data-element_type=\"widget\" data-e-type=\"widget\" data-widget_type=\"heading.default\">\n\t\t\t\t<div class=\"elementor-widget-container\">\n\t\t\t\t\t<h5 class=\"elementor-heading-title elementor-size-default\">Spr\u00e1va firemn\u00edch cloud\u016f<\/h5>\t\t\t\t<\/div>\n\t\t\t\t<\/div>\n\t\t\t\t<div class=\"elementor-element elementor-element-25cf4e9 elementor-widget elementor-widget-text-editor\" data-id=\"25cf4e9\" data-element_type=\"widget\" data-e-type=\"widget\" data-widget_type=\"text-editor.default\">\n\t\t\t\t<div class=\"elementor-widget-container\">\n\t\t\t\t\t\t\t\t\t<p>Vysoce \u0161k\u00e1lovateln\u00e1 cloudov\u00e1 prost\u0159ed\u00ed jsou dnes ji\u017e standardem nejen v e-commerce a v\u00fdvoji aplikac\u00ed. Se spr\u00e1vou cloudov\u00fdch prost\u0159ed\u00ed m\u00e1me bohat\u00e9 zku\u0161enosti ji\u017e od roku 2012, kdy se virtualizovan\u00e1 prost\u0159ed\u00ed st\u00e1vala b\u011b\u017enou platformou pro e-commerce slu\u017eby ALTOS software s.r.o. Z\u00e1kazn\u00edk\u016fm se star\u00e1me jak o jejich vlastn\u00ed servery, tak i o jejich hostovan\u00e1 prost\u0159ed\u00ed v cloudu.\u00a0<\/p>\n<p>D\u00edky \u010dlenstv\u00ed ve skupin\u011b Geetoo m\u00e1me p\u0159\u00edstup k poskytov\u00e1n\u00ed v\u00fdpo\u010detn\u00edch slu\u017eeb s \u010deskou podporou a spr\u00e1vy cloudov\u00fdch prost\u0159ed\u00ed.<\/p>\t\t\t\t\t\t\t\t<\/div>\n\t\t\t\t<\/div>\n\t\t\t\t<div class=\"elementor-element elementor-element-6e4bdb2 elementor-widget elementor-widget-image\" data-id=\"6e4bdb2\" data-element_type=\"widget\" data-e-type=\"widget\" data-widget_type=\"image.default\">\n\t\t\t\t<div class=\"elementor-widget-container\">\n\t\t\t\t\t\t\t\t\t\t\t\t\t\t\t<img fetchpriority=\"high\" decoding=\"async\" width=\"709\" height=\"709\" src=\"https:\/\/www.altos.cz\/wp-content\/uploads\/2023\/09\/altos-managedcloud-1.jpg\" class=\"attachment-medium_large size-medium_large wp-image-266\" alt=\"\" srcset=\"https:\/\/www.altos.cz\/wp-content\/uploads\/2023\/09\/altos-managedcloud-1.jpg 709w, https:\/\/www.altos.cz\/wp-content\/uploads\/2023\/09\/altos-managedcloud-1-300x300.jpg 300w, https:\/\/www.altos.cz\/wp-content\/uploads\/2023\/09\/altos-managedcloud-1-150x150.jpg 150w\" sizes=\"(max-width: 709px) 100vw, 709px\" \/>\t\t\t\t\t\t\t\t\t\t\t\t\t\t\t<\/div>\n\t\t\t\t<\/div>\n\t\t\t\t<div class=\"elementor-element elementor-element-cb74b2f elementor-widget elementor-widget-spacer\" data-id=\"cb74b2f\" data-element_type=\"widget\" data-e-type=\"widget\" data-widget_type=\"spacer.default\">\n\t\t\t\t<div class=\"elementor-widget-container\">\n\t\t\t\t\t\t\t<div class=\"elementor-spacer\">\n\t\t\t<div class=\"elementor-spacer-inner\"><\/div>\n\t\t<\/div>\n\t\t\t\t\t\t<\/div>\n\t\t\t\t<\/div>\n\t\t\t\t<div class=\"elementor-element elementor-element-144b894 elementor-widget elementor-widget-heading\" data-id=\"144b894\" data-element_type=\"widget\" data-e-type=\"widget\" data-widget_type=\"heading.default\">\n\t\t\t\t<div class=\"elementor-widget-container\">\n\t\t\t\t\t<h5 class=\"elementor-heading-title elementor-size-default\">Licen\u010dn\u00ed poradenstv\u00ed<\/h5>\t\t\t\t<\/div>\n\t\t\t\t<\/div>\n\t\t\t\t<div class=\"elementor-element elementor-element-429bae7 elementor-widget elementor-widget-text-editor\" data-id=\"429bae7\" data-element_type=\"widget\" data-e-type=\"widget\" data-widget_type=\"text-editor.default\">\n\t\t\t\t<div class=\"elementor-widget-container\">\n\t\t\t\t\t\t\t\t\t<p>Enteprise licen\u010dn\u00ed modely sk\u00fdtaj\u00ed mnoh\u00e1 \u00faskal\u00ed a po po\u0159\u00edzen\u00ed n\u00e1kladn\u00fdch licen\u010dn\u00edch program\u016f jim v p\u0159\u00edpad\u011b nevhodn\u00e9 volby m\u016f\u017ee b\u00fdt firemn\u00ed IT strategie zcela pod\u0159\u00edzena na mnoho let. \u00a8<\/p>\n<p><span style=\"color: var( --e-global-color-text ); font-family: var( --e-global-typography-text-font-family ), Sans-serif; font-weight: var( --e-global-typography-text-font-weight ); background-color: var(--nv-site-bg); font-size: var(--bodyfontsize); letter-spacing: var(--bodyletterspacing); text-transform: var(--bodytexttransform);\">D\u00edky \u010dlenstv\u00ed ve skupin\u011b Geetoo m\u00e1me p\u0159\u00edstup k flexibiln\u00edm licen\u010dn\u00edm program\u016fm a pot\u0159ebn\u00e9 expert\u00edze p\u0159i nastaven\u00ed vhodn\u00e9ho licencov\u00e1n\u00ed, \u010d\u00edm\u017e na\u0161im z\u00e1kazn\u00edk\u016fm poskytujeme nejen nutnou flexibilitu, ale tak\u00e9 zna\u010dnou finan\u010dn\u00ed \u00fasporu.<\/span><\/p>\t\t\t\t\t\t\t\t<\/div>\n\t\t\t\t<\/div>\n\t\t\t\t<div class=\"elementor-element elementor-element-0eaa8da elementor-widget elementor-widget-image\" data-id=\"0eaa8da\" data-element_type=\"widget\" data-e-type=\"widget\" data-widget_type=\"image.default\">\n\t\t\t\t<div class=\"elementor-widget-container\">\n\t\t\t\t\t\t\t\t\t\t\t\t\t\t\t<img decoding=\"async\" width=\"709\" height=\"709\" src=\"https:\/\/www.altos.cz\/wp-content\/uploads\/2023\/09\/altos-licence.jpg\" class=\"attachment-large size-large wp-image-264\" alt=\"\" srcset=\"https:\/\/www.altos.cz\/wp-content\/uploads\/2023\/09\/altos-licence.jpg 709w, https:\/\/www.altos.cz\/wp-content\/uploads\/2023\/09\/altos-licence-300x300.jpg 300w, https:\/\/www.altos.cz\/wp-content\/uploads\/2023\/09\/altos-licence-150x150.jpg 150w\" sizes=\"(max-width: 709px) 100vw, 709px\" \/>\t\t\t\t\t\t\t\t\t\t\t\t\t\t\t<\/div>\n\t\t\t\t<\/div>\n\t\t\t\t\t<\/div>\n\t\t<\/div>\n\t\t\t\t<div class=\"elementor-column elementor-col-33 elementor-top-column elementor-element elementor-element-f4a7464\" data-id=\"f4a7464\" data-element_type=\"column\" data-e-type=\"column\">\n\t\t\t<div class=\"elementor-widget-wrap elementor-element-populated\">\n\t\t\t\t\t\t<div class=\"elementor-element elementor-element-aedd7f8 elementor-widget elementor-widget-heading\" data-id=\"aedd7f8\" data-element_type=\"widget\" data-e-type=\"widget\" data-widget_type=\"heading.default\">\n\t\t\t\t<div class=\"elementor-widget-container\">\n\t\t\t\t\t<h5 class=\"elementor-heading-title elementor-size-default\">Monitoring a optimalizace<\/h5>\t\t\t\t<\/div>\n\t\t\t\t<\/div>\n\t\t\t\t<div class=\"elementor-element elementor-element-9e70c05 elementor-widget elementor-widget-text-editor\" data-id=\"9e70c05\" data-element_type=\"widget\" data-e-type=\"widget\" data-widget_type=\"text-editor.default\">\n\t\t\t\t<div class=\"elementor-widget-container\">\n\t\t\t\t\t\t\t\t\t<p>Na z\u00e1klad\u011b dlouholet\u00e9 praxe s integrov\u00e1n\u00ed r\u016fzn\u00fdch informa\u010dn\u00edch syst\u00e9m\u016f a nutnosti zaji\u0161t\u011bn\u00ed neust\u00e1l\u00e9ho provozu m\u016f\u017eeme uplat\u0148ovat cenn\u00e9 zku\u0161enosti prost\u0159ednictv\u00edm sofistikovan\u00e9ho monitoringu firemn\u00edch v\u00fdpo\u010detn\u00edch prost\u0159ed\u00ed. U sledovan\u00fdch prost\u0159ed\u00ed um\u00edme nejen p\u0159edem odhalit potenci\u00e1ln\u00ed probl\u00e9m, ale i d\u00edky anal\u00fdze velk\u00fdch dat m\u016f\u017eeme cloudov\u00e9 slu\u017eby u r\u016fzn\u00fdch poskytovatel\u016f finan\u010dn\u011b optimalizovat a pro z\u00e1kazn\u00edky l\u00e9pe pl\u00e1novat jejich vyu\u017eit\u00ed.<\/p>\t\t\t\t\t\t\t\t<\/div>\n\t\t\t\t<\/div>\n\t\t\t\t<div class=\"elementor-element elementor-element-d6bdcf6 elementor-widget elementor-widget-spacer\" data-id=\"d6bdcf6\" data-element_type=\"widget\" data-e-type=\"widget\" data-widget_type=\"spacer.default\">\n\t\t\t\t<div class=\"elementor-widget-container\">\n\t\t\t\t\t\t\t<div class=\"elementor-spacer\">\n\t\t\t<div class=\"elementor-spacer-inner\"><\/div>\n\t\t<\/div>\n\t\t\t\t\t\t<\/div>\n\t\t\t\t<\/div>\n\t\t\t\t<div class=\"elementor-element elementor-element-e8bf2f9 elementor-widget elementor-widget-image\" data-id=\"e8bf2f9\" data-element_type=\"widget\" data-e-type=\"widget\" data-widget_type=\"image.default\">\n\t\t\t\t<div class=\"elementor-widget-container\">\n\t\t\t\t\t\t\t\t\t\t\t\t\t\t\t<img decoding=\"async\" width=\"709\" height=\"709\" src=\"https:\/\/www.altos.cz\/wp-content\/uploads\/2023\/09\/altos-monitoring-1.jpg\" class=\"attachment-medium_large size-medium_large wp-image-268\" alt=\"\" srcset=\"https:\/\/www.altos.cz\/wp-content\/uploads\/2023\/09\/altos-monitoring-1.jpg 709w, https:\/\/www.altos.cz\/wp-content\/uploads\/2023\/09\/altos-monitoring-1-300x300.jpg 300w, https:\/\/www.altos.cz\/wp-content\/uploads\/2023\/09\/altos-monitoring-1-150x150.jpg 150w\" sizes=\"(max-width: 709px) 100vw, 709px\" \/>\t\t\t\t\t\t\t\t\t\t\t\t\t\t\t<\/div>\n\t\t\t\t<\/div>\n\t\t\t\t\t<\/div>\n\t\t<\/div>\n\t\t\t\t\t<\/div>\n\t\t<\/section>\n\t\t\t\t<section class=\"elementor-section elementor-top-section elementor-element elementor-element-1cb604f elementor-section-boxed elementor-section-height-default elementor-section-height-default\" data-id=\"1cb604f\" data-element_type=\"section\" data-e-type=\"section\">\n\t\t\t\t\t\t<div class=\"elementor-container elementor-column-gap-default\">\n\t\t\t\t\t<div class=\"elementor-column elementor-col-100 elementor-top-column elementor-element elementor-element-88ae790\" data-id=\"88ae790\" data-element_type=\"column\" data-e-type=\"column\">\n\t\t\t<div class=\"elementor-widget-wrap elementor-element-populated\">\n\t\t\t\t\t\t<div class=\"elementor-element elementor-element-84ee934 elementor-widget elementor-widget-spacer\" data-id=\"84ee934\" data-element_type=\"widget\" data-e-type=\"widget\" data-widget_type=\"spacer.default\">\n\t\t\t\t<div class=\"elementor-widget-container\">\n\t\t\t\t\t\t\t<div class=\"elementor-spacer\">\n\t\t\t<div class=\"elementor-spacer-inner\"><\/div>\n\t\t<\/div>\n\t\t\t\t\t\t<\/div>\n\t\t\t\t<\/div>\n\t\t\t\t\t<\/div>\n\t\t<\/div>\n\t\t\t\t\t<\/div>\n\t\t<\/section>\n\t\t\t\t<\/div>\n\t\t","protected":false},"excerpt":{"rendered":"<p>Slu\u017eby Spr\u00e1va firemn\u00edch cloud\u016f Vysoce \u0161k\u00e1lovateln\u00e1 cloudov\u00e1 prost\u0159ed\u00ed jsou dnes ji\u017e standardem nejen v e-commerce a v\u00fdvoji aplikac\u00ed. Se spr\u00e1vou cloudov\u00fdch prost\u0159ed\u00ed m\u00e1me bohat\u00e9 zku\u0161enosti ji\u017e od roku 2012, kdy se virtualizovan\u00e1 prost\u0159ed\u00ed st\u00e1vala b\u011b\u017enou platformou pro e-commerce slu\u017eby ALTOS software s.r.o. Z\u00e1kazn\u00edk\u016fm se star\u00e1me jak o jejich vlastn\u00ed servery, tak i o jejich hostovan\u00e1&hellip;&nbsp;<a href=\"https:\/\/www.altos.cz\/?page_id=43\" rel=\"bookmark\">\u010c\u00edst d\u00e1le &raquo;<span class=\"screen-reader-text\">Slu\u017eby<\/span><\/a><\/p>\n","protected":false},"author":1,"featured_media":0,"parent":0,"menu_order":0,"comment_status":"closed","ping_status":"closed","template":"","meta":{"neve_meta_sidebar":"","neve_meta_container":"","neve_meta_enable_content_width":"","neve_meta_content_width":0,"neve_meta_title_alignment":"","neve_meta_author_avatar":"","neve_post_elements_order":"","neve_meta_disable_header":"","neve_meta_disable_footer":"on","neve_meta_disable_title":"on","footnotes":""},"class_list":["post-43","page","type-page","status-publish","hentry"],"_links":{"self":[{"href":"https:\/\/www.altos.cz\/index.php?rest_route=\/wp\/v2\/pages\/43","targetHints":{"allow":["GET"]}}],"collection":[{"href":"https:\/\/www.altos.cz\/index.php?rest_route=\/wp\/v2\/pages"}],"about":[{"href":"https:\/\/www.altos.cz\/index.php?rest_route=\/wp\/v2\/types\/page"}],"author":[{"embeddable":true,"href":"https:\/\/www.altos.cz\/index.php?rest_route=\/wp\/v2\/users\/1"}],"replies":[{"embeddable":true,"href":"https:\/\/www.altos.cz\/index.php?rest_route=%2Fwp%2Fv2%2Fcomments&post=43"}],"version-history":[{"count":38,"href":"https:\/\/www.altos.cz\/index.php?rest_route=\/wp\/v2\/pages\/43\/revisions"}],"predecessor-version":[{"id":442,"href":"https:\/\/www.altos.cz\/index.php?rest_route=\/wp\/v2\/pages\/43\/revisions\/442"}],"wp:attachment":[{"href":"https:\/\/www.altos.cz\/index.php?rest_route=%2Fwp%2Fv2%2Fmedia&parent=43"}],"curies":[{"name":"wp","href":"https:\/\/api.w.org\/{rel}","templated":true}]}}