{"id":52,"date":"2023-08-24T14:55:52","date_gmt":"2023-08-24T12:55:52","guid":{"rendered":"https:\/\/www2.altos.cz\/?page_id=52"},"modified":"2023-09-04T09:44:28","modified_gmt":"2023-09-04T07:44:28","slug":"o-nas","status":"publish","type":"page","link":"https:\/\/www.altos.cz\/?page_id=52","title":{"rendered":"O n\u00e1s"},"content":{"rendered":"\t\t<div data-elementor-type=\"wp-page\" data-elementor-id=\"52\" class=\"elementor elementor-52\">\n\t\t\t\t\t\t<section class=\"elementor-section elementor-top-section elementor-element elementor-element-88f222e elementor-section-boxed elementor-section-height-default elementor-section-height-default\" data-id=\"88f222e\" data-element_type=\"section\" data-e-type=\"section\">\n\t\t\t\t\t\t<div class=\"elementor-container elementor-column-gap-default\">\n\t\t\t\t\t<div class=\"elementor-column elementor-col-100 elementor-top-column elementor-element elementor-element-51f548b\" data-id=\"51f548b\" data-element_type=\"column\" data-e-type=\"column\">\n\t\t\t<div class=\"elementor-widget-wrap elementor-element-populated\">\n\t\t\t\t\t\t<div class=\"elementor-element elementor-element-0ac53ab elementor-widget elementor-widget-spacer\" data-id=\"0ac53ab\" data-element_type=\"widget\" data-e-type=\"widget\" data-widget_type=\"spacer.default\">\n\t\t\t\t<div class=\"elementor-widget-container\">\n\t\t\t\t\t\t\t<div class=\"elementor-spacer\">\n\t\t\t<div class=\"elementor-spacer-inner\"><\/div>\n\t\t<\/div>\n\t\t\t\t\t\t<\/div>\n\t\t\t\t<\/div>\n\t\t\t\t\t<\/div>\n\t\t<\/div>\n\t\t\t\t\t<\/div>\n\t\t<\/section>\n\t\t\t\t<section class=\"elementor-section elementor-top-section elementor-element elementor-element-b89819f elementor-section-boxed elementor-section-height-default elementor-section-height-default\" data-id=\"b89819f\" data-element_type=\"section\" data-e-type=\"section\">\n\t\t\t\t\t\t<div class=\"elementor-container elementor-column-gap-default\">\n\t\t\t\t\t<div class=\"elementor-column elementor-col-33 elementor-top-column elementor-element elementor-element-c80c0d5\" data-id=\"c80c0d5\" data-element_type=\"column\" data-e-type=\"column\">\n\t\t\t<div class=\"elementor-widget-wrap elementor-element-populated\">\n\t\t\t\t\t\t<div class=\"elementor-element elementor-element-402ee51 elementor-widget elementor-widget-heading\" data-id=\"402ee51\" data-element_type=\"widget\" data-e-type=\"widget\" data-widget_type=\"heading.default\">\n\t\t\t\t<div class=\"elementor-widget-container\">\n\t\t\t\t\t<h4 class=\"elementor-heading-title elementor-size-default\">Kdo jsme?<\/h4>\t\t\t\t<\/div>\n\t\t\t\t<\/div>\n\t\t\t\t\t<\/div>\n\t\t<\/div>\n\t\t\t\t<div class=\"elementor-column elementor-col-33 elementor-top-column elementor-element elementor-element-08cb5e7\" data-id=\"08cb5e7\" data-element_type=\"column\" data-e-type=\"column\">\n\t\t\t<div class=\"elementor-widget-wrap elementor-element-populated\">\n\t\t\t\t\t\t<div class=\"elementor-element elementor-element-81d0252 elementor-widget elementor-widget-text-editor\" data-id=\"81d0252\" data-element_type=\"widget\" data-e-type=\"widget\" data-widget_type=\"text-editor.default\">\n\t\t\t\t<div class=\"elementor-widget-container\">\n\t\t\t\t\t\t\t\t\t<p>Spole\u010dnost ALTOS software s.r.o. existuje od roku 2010 a od po\u010d\u00e1tku sv\u00e9 existence se zam\u011b\u0159ovala na v\u00fdvoj business intelligence n\u00e1stroj\u016f a e-commerce \u0159e\u0161en\u00ed.\u00a0<span style=\"color: var( --e-global-color-nvtextcolor ); font-family: var( --e-global-typography-text-font-family ), Sans-serif; font-weight: var( --e-global-typography-text-font-weight ); background-color: var(--nv-site-bg); font-size: var(--bodyfontsize); letter-spacing: var(--bodyletterspacing); text-transform: var(--bodytexttransform);\">D\u00edky historii ve v\u00fdvoji business intelligence n\u00e1stroj\u016f m\u00e1 spole\u010dnost bohat\u00e9 zku\u0161enosti s integrac\u00ed r\u016fzn\u00fdch vnitrofiremn\u00edch prost\u0159ed\u00ed a souvisej\u00edc\u00edch proces\u016f. Z\u00e1kazn\u00edci v sou\u010dasn\u00e9 dob\u011b nejv\u00edce vyu\u017e\u00edvaj\u00ed navr\u017een\u00ed architektury cloudov\u00e9 infrastruktury pro modern\u00ed aplikace a souvisej\u00edc\u00ed z\u00e1lohov\u00e1n\u00ed.\u00a0<\/span><\/p>\n<p>D\u00edky \u010dlenstv\u00ed ve skupin\u011b Geetoo jsou v\u0161ak z\u00e1kazn\u00edk\u016fm st\u00e1le \u010dast\u011bji poskytov\u00e1ny i slu\u017eby IT asset managementu, poradenstv\u00ed p\u0159i licencov\u00e1n\u00ed a zejm\u00e9na chytr\u00e9ho monitoringu.<\/p>\t\t\t\t\t\t\t\t<\/div>\n\t\t\t\t<\/div>\n\t\t\t\t\t<\/div>\n\t\t<\/div>\n\t\t\t\t<div class=\"elementor-column elementor-col-33 elementor-top-column elementor-element elementor-element-bf9a90f\" data-id=\"bf9a90f\" data-element_type=\"column\" data-e-type=\"column\">\n\t\t\t<div class=\"elementor-widget-wrap\">\n\t\t\t\t\t\t\t<\/div>\n\t\t<\/div>\n\t\t\t\t\t<\/div>\n\t\t<\/section>\n\t\t\t\t<\/div>\n\t\t","protected":false},"excerpt":{"rendered":"<p>Kdo jsme? Spole\u010dnost ALTOS software s.r.o. existuje od roku 2010 a od po\u010d\u00e1tku sv\u00e9 existence se zam\u011b\u0159ovala na v\u00fdvoj business intelligence n\u00e1stroj\u016f a e-commerce \u0159e\u0161en\u00ed.\u00a0D\u00edky historii ve v\u00fdvoji business intelligence n\u00e1stroj\u016f m\u00e1 spole\u010dnost bohat\u00e9 zku\u0161enosti s integrac\u00ed r\u016fzn\u00fdch vnitrofiremn\u00edch prost\u0159ed\u00ed a souvisej\u00edc\u00edch proces\u016f. Z\u00e1kazn\u00edci v sou\u010dasn\u00e9 dob\u011b nejv\u00edce vyu\u017e\u00edvaj\u00ed navr\u017een\u00ed architektury cloudov\u00e9 infrastruktury pro modern\u00ed&hellip;&nbsp;<a href=\"https:\/\/www.altos.cz\/?page_id=52\" rel=\"bookmark\">\u010c\u00edst d\u00e1le &raquo;<span class=\"screen-reader-text\">O n\u00e1s<\/span><\/a><\/p>\n","protected":false},"author":1,"featured_media":0,"parent":0,"menu_order":0,"comment_status":"closed","ping_status":"closed","template":"","meta":{"neve_meta_sidebar":"","neve_meta_container":"","neve_meta_enable_content_width":"","neve_meta_content_width":0,"neve_meta_title_alignment":"","neve_meta_author_avatar":"","neve_post_elements_order":"","neve_meta_disable_header":"","neve_meta_disable_footer":"on","neve_meta_disable_title":"on","footnotes":""},"class_list":["post-52","page","type-page","status-publish","hentry"],"_links":{"self":[{"href":"https:\/\/www.altos.cz\/index.php?rest_route=\/wp\/v2\/pages\/52","targetHints":{"allow":["GET"]}}],"collection":[{"href":"https:\/\/www.altos.cz\/index.php?rest_route=\/wp\/v2\/pages"}],"about":[{"href":"https:\/\/www.altos.cz\/index.php?rest_route=\/wp\/v2\/types\/page"}],"author":[{"embeddable":true,"href":"https:\/\/www.altos.cz\/index.php?rest_route=\/wp\/v2\/users\/1"}],"replies":[{"embeddable":true,"href":"https:\/\/www.altos.cz\/index.php?rest_route=%2Fwp%2Fv2%2Fcomments&post=52"}],"version-history":[{"count":28,"href":"https:\/\/www.altos.cz\/index.php?rest_route=\/wp\/v2\/pages\/52\/revisions"}],"predecessor-version":[{"id":402,"href":"https:\/\/www.altos.cz\/index.php?rest_route=\/wp\/v2\/pages\/52\/revisions\/402"}],"wp:attachment":[{"href":"https:\/\/www.altos.cz\/index.php?rest_route=%2Fwp%2Fv2%2Fmedia&parent=52"}],"curies":[{"name":"wp","href":"https:\/\/api.w.org\/{rel}","templated":true}]}}